{"id":1352,"date":"2025-03-03T10:13:31","date_gmt":"2025-03-03T10:13:31","guid":{"rendered":"https:\/\/inks.nanografi.com\/offset-security-inks\/"},"modified":"2025-08-15T18:30:50","modified_gmt":"2025-08-15T18:30:50","slug":"offset-security-inks","status":"publish","type":"page","link":"https:\/\/inks.nanografi.com\/tr\/offset-security-inks\/","title":{"rendered":"Ofset G\u00fcvenlik M\u00fcrekkepleri"},"content":{"rendered":"\t\t<div data-elementor-type=\"wp-page\" data-elementor-id=\"1352\" class=\"elementor elementor-1352 elementor-632\">\n\t\t\t\t\t\t<section class=\"elementor-section elementor-top-section elementor-element elementor-element-71e7dd0 elementor-section-stretched ts-col-stretched-right ts-right-col-stretched-content-yes ts-bg-color-over-image elementor-section-boxed elementor-section-height-default elementor-section-height-default\" data-id=\"71e7dd0\" data-element_type=\"section\" data-e-type=\"section\" data-settings=\"{&quot;stretch_section&quot;:&quot;section-stretched&quot;,&quot;background_background&quot;:&quot;video&quot;}\">\n\t\t\t\t\t\t\t<div class=\"elementor-background-overlay\"><\/div>\n\t\t\t\t\t\t\t<div class=\"elementor-container elementor-column-gap-no\">\n\t\t\t\t\t<div class=\"elementor-column elementor-col-50 elementor-top-column elementor-element elementor-element-8001e01 ts-bg-color-over-image\" data-id=\"8001e01\" data-element_type=\"column\" data-e-type=\"column\" data-settings=\"{&quot;background_background&quot;:&quot;classic&quot;}\">\n\t\t\t<div class=\"elementor-widget-wrap elementor-element-populated\">\n\t\t\t\t\t\t<div class=\"elementor-element elementor-element-f24d1c0 ts-align-left elementor-widget elementor-widget-ts_heading\" data-id=\"f24d1c0\" data-element_type=\"widget\" data-e-type=\"widget\" data-widget_type=\"ts_heading.default\">\n\t\t\t\t<div class=\"elementor-widget-container\">\n\t\t\t\t\t\t<div class=\"ts-heading-subheading ts-reverse-heading-yes animation-style4\"><h2 class=\"ts-custom-heading ts-custom-heading-title\">\r\n\t\t\t\r\n\t\t\t\t\nOffset Security Inks\n\r\n\t\t\t\r\n\t\t\t<\/h2>\r\n\t\t<\/div>\t\t\t\t<\/div>\n\t\t\t\t<\/div>\n\t\t\t\t<div class=\"elementor-element elementor-element-df5e9b5 elementor-widget elementor-widget-text-editor\" data-id=\"df5e9b5\" data-element_type=\"widget\" data-e-type=\"widget\" data-widget_type=\"text-editor.default\">\n\t\t\t\t<div class=\"elementor-widget-container\">\n\t\t\t\t\t\t\t\t\t<p><span style=\"font-weight: 400;\">Nanografi g\u00fcvenlik bask\u0131 m\u00fcrekkepleri, sahtecili\u011fi \u00f6nlemek ve belgelerin, banknotlar\u0131n, menkul k\u0131ymetlerin veya \u00f6zel etiketlerin g\u00fcvenli\u011fini art\u0131rmak i\u00e7in kullan\u0131lan \u00f6zel m\u00fcrekkeplerdir. Bu m\u00fcrekkeplerin en yayg\u0131n t\u00fcrlerinden biri  <\/span><b>Ofset G\u00fcvenlik M\u00fcrekkepleri<\/b><span style=\"font-weight: 400;\">Ofset bask\u0131 tekni\u011fi kullan\u0131larak uygulanabilen g\u00fcvenlik m\u00fcrekkeplerini i\u00e7erir.<\/span><\/p><p><span style=\"font-weight: 400;\">Ofset g\u00fcvenlik m\u00fcrekkepleri, belgeleri sahtecili\u011fe kar\u015f\u0131 korumak i\u00e7in \u00e7e\u015fitli fiziksel ve kimyasal \u00f6zelliklere sahip olabilir. Bu m\u00fcrekkepler, \u00e7\u0131plak g\u00f6zle g\u00f6r\u00fclemeyen veya belirli \u0131\u015f\u0131k ko\u015fullar\u0131 alt\u0131nda farkl\u0131 tepki veren \u00f6zel pigmentler ve bile\u015fikler i\u00e7erebilir.  <\/span><b>UV G\u00fcvenlik M\u00fcrekkepleri, IR G\u00fcvenlik M\u00fcrekkepleri, G\u00f6r\u00fcn\u00fcr M\u00fcrekkepler ve UV K\u00fcrlemeli Ofset G\u00fcvenlik M\u00fcrekkepleri<\/b><span style=\"font-weight: 400;\"> bu m\u00fcrekkep t\u00fcr\u00fcn\u00fcn alt kategorileridir.<\/span><\/p>\t\t\t\t\t\t\t\t<\/div>\n\t\t\t\t<\/div>\n\t\t\t\t\t<\/div>\n\t\t<\/div>\n\t\t\t\t<div class=\"elementor-column elementor-col-50 elementor-top-column elementor-element elementor-element-20202e6 ts-bg-color-over-image\" data-id=\"20202e6\" data-element_type=\"column\" data-e-type=\"column\">\n\t\t\t<div class=\"elementor-widget-wrap elementor-element-populated\">\n\t\t\t\t\t\t<section class=\"elementor-section elementor-inner-section elementor-element elementor-element-0de01fc ts-col-stretched-none ts-bg-color-over-image elementor-section-boxed elementor-section-height-default elementor-section-height-default\" data-id=\"0de01fc\" data-element_type=\"section\" data-e-type=\"section\" data-settings=\"{&quot;background_background&quot;:&quot;video&quot;,&quot;background_video_link&quot;:&quot;\\\/wp-content\\\/uploads\\\/2025\\\/03\\\/7186047_Paint_Ink_1280x720.mp4&quot;,&quot;background_video_start&quot;:2}\">\n\t\t\t\t\t\t\t\t<div class=\"elementor-background-video-container elementor-hidden-mobile\">\n\t\t\t\t\t\t\t\t\t\t\t\t\t<video class=\"elementor-background-video-hosted\" role=\"presentation\" autoplay muted playsinline loop><\/video>\n\t\t\t\t\t\t\t\t\t\t\t<\/div>\n\t\t\t\t\t\t\t\t<div class=\"elementor-container elementor-column-gap-no\">\n\t\t\t\t\t<div class=\"elementor-column elementor-col-50 elementor-inner-column elementor-element elementor-element-39338e2 ts-bg-color-over-image\" data-id=\"39338e2\" data-element_type=\"column\" data-e-type=\"column\" data-settings=\"{&quot;background_background&quot;:&quot;classic&quot;}\">\n\t\t\t<div class=\"elementor-widget-wrap elementor-element-populated\">\n\t\t\t\t\t<div class=\"elementor-background-overlay\"><\/div>\n\t\t\t\t\t\t<div class=\"elementor-element elementor-element-25228a2 elementor-widget elementor-widget-ts_icon_heading\" data-id=\"25228a2\" data-element_type=\"widget\" data-e-type=\"widget\" data-widget_type=\"ts_icon_heading.default\">\n\t\t\t\t<div class=\"elementor-widget-container\">\n\t\t\t\t\t\r\n\r\n<div class=\"ts-ihbox ts-ihbox-style-21 ts-ihbox-itype-text\">\r\n\t<div class=\"ts-sbox-bgimage-layer ts-bgimage-layer\"><\/div>\r\n\t<div class=\"ts-ihbox-wrapper-bg-layer ts-bg-layer\"><\/div>\r\n\t\r\n\t<div class=\"ts-ihbox-inner\">\r\n\t\t<div class=\"ts-ihbox-icon ts-large-icon\">\r\n\t\t\t<div class=\"ts-ihbox-icon\"><div class=\"ts-ihbox-icon-wrapper ts-ihbox-icon-type-text\" data-text=\"01\">01<\/div><\/div>\t\t<\/div>\r\n\t\t<div class=\"ts-ihbox-content-wrapper\">\r\n\t\t\t<div class=\"ts-ihbox-contents\">\r\n\t\t\t\t<h2 class=\"ts-ihbox-heading\">\r\n\t\t\t\t\t\r\n\t\t\t\t\t\t \r\n\t\t\t\t\t\r\n\t\t\t\t\t<\/h2>\r\n\t\t\t\t\t<h4 class=\"ts-ihbox-subheading\">\r\n\t\t\t\t\t\r\n\t\t\t\t\t\tUV Offset Security Inks\r\n\t\t\t\t\t\r\n\t\t\t\t\t<\/h4>\r\n\t\t\t\t\r\n\t\t\t\t\t\t\t\t<div class=\"ts-ihbox-content\">Nanografi UV security inks are special inks that become visible under ultraviolet (UV) light. They can be invisible under normal light, but fluoresce in certain colors under UV light. <\/div>\t\t\t\t<div class=\"ts-ihbox-btn\"><a title=\"Link\" href=\"\/offset-security-inks\/uv-security-inks-ultraviolet-security-inks\/\"><span>Read More<\/span><\/a><\/div>\t\t\t<\/div><!-- .ts-ihbox-contents -->\r\n\t\t<\/div>\r\n\t<\/div>\r\n\t\r\n<\/div>\r\n\r\n\r\n\r\n\t\t\t\t<\/div>\n\t\t\t\t<\/div>\n\t\t\t\t\t<\/div>\n\t\t<\/div>\n\t\t\t\t<div class=\"elementor-column elementor-col-50 elementor-inner-column elementor-element elementor-element-a5c5317 ts-bg-color-over-image\" data-id=\"a5c5317\" data-element_type=\"column\" data-e-type=\"column\" data-settings=\"{&quot;background_background&quot;:&quot;classic&quot;}\">\n\t\t\t<div class=\"elementor-widget-wrap elementor-element-populated\">\n\t\t\t\t\t<div class=\"elementor-background-overlay\"><\/div>\n\t\t\t\t\t\t<div class=\"elementor-element elementor-element-26b1e54 elementor-widget elementor-widget-ts_icon_heading\" data-id=\"26b1e54\" data-element_type=\"widget\" data-e-type=\"widget\" data-widget_type=\"ts_icon_heading.default\">\n\t\t\t\t<div class=\"elementor-widget-container\">\n\t\t\t\t\t\r\n\r\n<div class=\"ts-ihbox ts-ihbox-style-21 ts-ihbox-itype-text\">\r\n\t<div class=\"ts-sbox-bgimage-layer ts-bgimage-layer\"><\/div>\r\n\t<div class=\"ts-ihbox-wrapper-bg-layer ts-bg-layer\"><\/div>\r\n\t\r\n\t<div class=\"ts-ihbox-inner\">\r\n\t\t<div class=\"ts-ihbox-icon ts-large-icon\">\r\n\t\t\t<div class=\"ts-ihbox-icon\"><div class=\"ts-ihbox-icon-wrapper ts-ihbox-icon-type-text\" data-text=\"02\">02<\/div><\/div>\t\t<\/div>\r\n\t\t<div class=\"ts-ihbox-content-wrapper\">\r\n\t\t\t<div class=\"ts-ihbox-contents\">\r\n\t\t\t\t<h2 class=\"ts-ihbox-heading\">\r\n\t\t\t\t\t\r\n\t\t\t\t\t\t \r\n\t\t\t\t\t\r\n\t\t\t\t\t<\/h2>\r\n\t\t\t\t\t<h4 class=\"ts-ihbox-subheading\">\r\n\t\t\t\t\t\r\n\t\t\t\t\t\tIR Security Inks\r\n\t\t\t\t\t\r\n\t\t\t\t\t<\/h4>\r\n\t\t\t\t\r\n\t\t\t\t\t\t\t\t<div class=\"ts-ihbox-content\">Nanografi IR security inks are inks that give certain reactions under infrared (IR) light. These inks generally show IR absorption or IR reflection properties.<br><br><\/div>\t\t\t\t<div class=\"ts-ihbox-btn\"><a title=\"Link\" href=\"\/offset-security-inks\/ir-security-inks\/\"><span>Read More<\/span><\/a><\/div>\t\t\t<\/div><!-- .ts-ihbox-contents -->\r\n\t\t<\/div>\r\n\t<\/div>\r\n\t\r\n<\/div>\r\n\r\n\r\n\r\n\t\t\t\t<\/div>\n\t\t\t\t<\/div>\n\t\t\t\t\t<\/div>\n\t\t<\/div>\n\t\t\t\t\t<\/div>\n\t\t<\/section>\n\t\t\t\t\t<\/div>\n\t\t<\/div>\n\t\t\t\t\t<\/div>\n\t\t<\/section>\n\t\t\t\t<section class=\"elementor-section elementor-top-section elementor-element elementor-element-2fd6c91 ts-col-stretched-none ts-bg-color-over-image elementor-section-boxed elementor-section-height-default elementor-section-height-default\" data-id=\"2fd6c91\" data-element_type=\"section\" data-e-type=\"section\" data-settings=\"{&quot;background_background&quot;:&quot;video&quot;,&quot;background_video_start&quot;:12}\">\n\t\t\t\t\t\t<div class=\"elementor-container elementor-column-gap-no\">\n\t\t\t\t\t<div class=\"elementor-column elementor-col-100 elementor-top-column elementor-element elementor-element-64b054f ts-bg-color-over-image\" data-id=\"64b054f\" data-element_type=\"column\" data-e-type=\"column\">\n\t\t\t<div class=\"elementor-widget-wrap elementor-element-populated\">\n\t\t\t\t\t\t<section class=\"elementor-section elementor-inner-section elementor-element elementor-element-cbe8a3a ts-col-stretched-none ts-bg-color-over-image elementor-section-boxed elementor-section-height-default elementor-section-height-default\" data-id=\"cbe8a3a\" data-element_type=\"section\" data-e-type=\"section\">\n\t\t\t\t\t\t<div class=\"elementor-container elementor-column-gap-no\">\n\t\t\t\t\t<div class=\"elementor-column elementor-col-33 elementor-inner-column elementor-element elementor-element-b74d9bd ts-bg-color-over-image\" data-id=\"b74d9bd\" data-element_type=\"column\" data-e-type=\"column\" data-settings=\"{&quot;background_background&quot;:&quot;classic&quot;}\">\n\t\t\t<div class=\"elementor-widget-wrap elementor-element-populated\">\n\t\t\t\t\t<div class=\"elementor-background-overlay\"><\/div>\n\t\t\t\t\t\t<div class=\"elementor-element elementor-element-2359ceb elementor-widget elementor-widget-ts_icon_heading\" data-id=\"2359ceb\" data-element_type=\"widget\" data-e-type=\"widget\" data-widget_type=\"ts_icon_heading.default\">\n\t\t\t\t<div class=\"elementor-widget-container\">\n\t\t\t\t\t\r\n\r\n<div class=\"ts-ihbox ts-ihbox-style-21 ts-ihbox-itype-text\">\r\n\t<div class=\"ts-sbox-bgimage-layer ts-bgimage-layer\"><\/div>\r\n\t<div class=\"ts-ihbox-wrapper-bg-layer ts-bg-layer\"><\/div>\r\n\t\r\n\t<div class=\"ts-ihbox-inner\">\r\n\t\t<div class=\"ts-ihbox-icon ts-large-icon\">\r\n\t\t\t<div class=\"ts-ihbox-icon\"><div class=\"ts-ihbox-icon-wrapper ts-ihbox-icon-type-text\" data-text=\"03\">03<\/div><\/div>\t\t<\/div>\r\n\t\t<div class=\"ts-ihbox-content-wrapper\">\r\n\t\t\t<div class=\"ts-ihbox-contents\">\r\n\t\t\t\t<h2 class=\"ts-ihbox-heading\">\r\n\t\t\t\t\t\r\n\t\t\t\t\t\t \r\n\t\t\t\t\t\r\n\t\t\t\t\t<\/h2>\r\n\t\t\t\t\t<h4 class=\"ts-ihbox-subheading\">\r\n\t\t\t\t\t\r\n\t\t\t\t\t\tVisible Inks\r\n\t\t\t\t\t\r\n\t\t\t\t\t<\/h4>\r\n\t\t\t\t\r\n\t\t\t\t\t\t\t\t<div class=\"ts-ihbox-content\">Developed by Nanografi, our Visible Inks series stands out for its vibrant color quality and outstanding fade resistance.<\/div>\t\t\t\t<div class=\"ts-ihbox-btn\"><a title=\"Link\" href=\"\/offset-security-inks\/visible-inks\/\"><span>Read More<\/span><\/a><\/div>\t\t\t<\/div><!-- .ts-ihbox-contents -->\r\n\t\t<\/div>\r\n\t<\/div>\r\n\t\r\n<\/div>\r\n\r\n\r\n\r\n\t\t\t\t<\/div>\n\t\t\t\t<\/div>\n\t\t\t\t\t<\/div>\n\t\t<\/div>\n\t\t\t\t<div class=\"elementor-column elementor-col-33 elementor-inner-column elementor-element elementor-element-bc8da65 ts-bg-color-over-image\" data-id=\"bc8da65\" data-element_type=\"column\" data-e-type=\"column\" data-settings=\"{&quot;background_background&quot;:&quot;classic&quot;}\">\n\t\t\t<div class=\"elementor-widget-wrap elementor-element-populated\">\n\t\t\t\t\t<div class=\"elementor-background-overlay\"><\/div>\n\t\t\t\t\t\t<div class=\"elementor-element elementor-element-d31b689 elementor-widget elementor-widget-ts_icon_heading\" data-id=\"d31b689\" data-element_type=\"widget\" data-e-type=\"widget\" data-widget_type=\"ts_icon_heading.default\">\n\t\t\t\t<div class=\"elementor-widget-container\">\n\t\t\t\t\t\r\n\r\n<div class=\"ts-ihbox ts-ihbox-style-21 ts-ihbox-itype-text\">\r\n\t<div class=\"ts-sbox-bgimage-layer ts-bgimage-layer\"><\/div>\r\n\t<div class=\"ts-ihbox-wrapper-bg-layer ts-bg-layer\"><\/div>\r\n\t\r\n\t<div class=\"ts-ihbox-inner\">\r\n\t\t<div class=\"ts-ihbox-icon ts-large-icon\">\r\n\t\t\t<div class=\"ts-ihbox-icon\"><div class=\"ts-ihbox-icon-wrapper ts-ihbox-icon-type-text\" data-text=\"04\">04<\/div><\/div>\t\t<\/div>\r\n\t\t<div class=\"ts-ihbox-content-wrapper\">\r\n\t\t\t<div class=\"ts-ihbox-contents\">\r\n\t\t\t\t<h2 class=\"ts-ihbox-heading\">\r\n\t\t\t\t\t\r\n\t\t\t\t\t\t \r\n\t\t\t\t\t\r\n\t\t\t\t\t<\/h2>\r\n\t\t\t\t\t<h4 class=\"ts-ihbox-subheading\">\r\n\t\t\t\t\t\r\n\t\t\t\t\t\tUV Curing Security Offset Inks\r\n\t\t\t\t\t\r\n\t\t\t\t\t<\/h4>\r\n\t\t\t\t\r\n\t\t\t\t\t\t\t\t<div class=\"ts-ihbox-content\">At Nanografi, our UV Curing Security Offset Inks combine high performance and stringent security standards for fast-paced printing environments.<\/div>\t\t\t\t<div class=\"ts-ihbox-btn\"><a title=\"Link\" href=\"\/offset-security-inks\/uv-curing-security-offset-inks\/\"><span>Read More<\/span><\/a><\/div>\t\t\t<\/div><!-- .ts-ihbox-contents -->\r\n\t\t<\/div>\r\n\t<\/div>\r\n\t\r\n<\/div>\r\n\r\n\r\n\r\n\t\t\t\t<\/div>\n\t\t\t\t<\/div>\n\t\t\t\t\t<\/div>\n\t\t<\/div>\n\t\t\t\t<div class=\"elementor-column elementor-col-33 elementor-inner-column elementor-element elementor-element-656cb6d ts-bg-color-over-image\" data-id=\"656cb6d\" data-element_type=\"column\" data-e-type=\"column\" data-settings=\"{&quot;background_background&quot;:&quot;classic&quot;}\">\n\t\t\t<div class=\"elementor-widget-wrap elementor-element-populated\">\n\t\t\t\t\t<div class=\"elementor-background-overlay\"><\/div>\n\t\t\t\t\t\t<div class=\"elementor-element elementor-element-416c87f elementor-widget__width-initial elementor-widget elementor-widget-ts_icon_heading\" data-id=\"416c87f\" data-element_type=\"widget\" data-e-type=\"widget\" data-widget_type=\"ts_icon_heading.default\">\n\t\t\t\t<div class=\"elementor-widget-container\">\n\t\t\t\t\t\r\n\r\n<div class=\"ts-ihbox ts-ihbox-style-21 ts-ihbox-itype-text\">\r\n\t<div class=\"ts-sbox-bgimage-layer ts-bgimage-layer\"><\/div>\r\n\t<div class=\"ts-ihbox-wrapper-bg-layer ts-bg-layer\"><\/div>\r\n\t\r\n\t<div class=\"ts-ihbox-inner\">\r\n\t\t<div class=\"ts-ihbox-icon ts-large-icon\">\r\n\t\t\t<div class=\"ts-ihbox-icon\"><div class=\"ts-ihbox-icon-wrapper ts-ihbox-icon-type-text\" data-text=\"05\">05<\/div><\/div>\t\t<\/div>\r\n\t\t<div class=\"ts-ihbox-content-wrapper\">\r\n\t\t\t<div class=\"ts-ihbox-contents\">\r\n\t\t\t\t<h2 class=\"ts-ihbox-heading\">\r\n\t\t\t\t\t\r\n\t\t\t\t\t\t \r\n\t\t\t\t\t\r\n\t\t\t\t\t<\/h2>\r\n\t\t\t\t\t<h4 class=\"ts-ihbox-subheading\">\r\n\t\t\t\t\t\r\n\t\t\t\t\t\tScreen Printing Inks\r\n\t\t\t\t\t\r\n\t\t\t\t\t<\/h4>\r\n\t\t\t\t\r\n\t\t\t\t\t\t\t\t<div class=\"ts-ihbox-content\">Developed by Nanografi, Screen Printing Security Inks combine high-resolution printing with advanced anti-counterfeiting features. <\/div>\t\t\t\t<div class=\"ts-ihbox-btn\"><a title=\"Link\" href=\"\/offset-security-inks\/screen-printing-inks\/\"><span>Read More<\/span><\/a><\/div>\t\t\t<\/div><!-- .ts-ihbox-contents -->\r\n\t\t<\/div>\r\n\t<\/div>\r\n\t\r\n<\/div>\r\n\r\n\r\n\r\n\t\t\t\t<\/div>\n\t\t\t\t<\/div>\n\t\t\t\t\t<\/div>\n\t\t<\/div>\n\t\t\t\t\t<\/div>\n\t\t<\/section>\n\t\t\t\t\t<\/div>\n\t\t<\/div>\n\t\t\t\t\t<\/div>\n\t\t<\/section>\n\t\t\t\t<\/div>\n\t\t","protected":false},"excerpt":{"rendered":"<p>Offset Security Inks Nanografi g\u00fcvenlik bask\u0131 m\u00fcrekkepleri, sahtecili\u011fi \u00f6nlemek ve belgelerin, banknotlar\u0131n, menkul k\u0131ymetlerin veya \u00f6zel etiketlerin g\u00fcvenli\u011fini art\u0131rmak i\u00e7in kullan\u0131lan \u00f6zel m\u00fcrekkeplerdir. Bu m\u00fcrekkeplerin en yayg\u0131n t\u00fcrlerinden biri Ofset G\u00fcvenlik M\u00fcrekkepleriOfset bask\u0131 tekni\u011fi kullan\u0131larak uygulanabilen g\u00fcvenlik m\u00fcrekkeplerini i\u00e7erir. Ofset g\u00fcvenlik m\u00fcrekkepleri, belgeleri sahtecili\u011fe kar\u015f\u0131 korumak i\u00e7in \u00e7e\u015fitli fiziksel ve kimyasal \u00f6zelliklere sahip olabilir. Bu &hellip; <a href=\"https:\/\/inks.nanografi.com\/tr\/offset-security-inks\/\" class=\"more-link\" title=\"Continue reading <span class=\"screen-reader-text\">Ofset G\u00fcvenlik M\u00fcrekkepleri<\/span>&#8220;>Continue reading <span class=\"screen-reader-text\">Ofset G\u00fcvenlik M\u00fcrekkepleri<\/span><\/a><\/p>\n","protected":false},"author":1,"featured_media":0,"parent":0,"menu_order":17,"comment_status":"closed","ping_status":"closed","template":"","meta":{"footnotes":""},"class_list":["post-1352","page","type-page","status-publish","hentry"],"_links":{"self":[{"href":"https:\/\/inks.nanografi.com\/tr\/wp-json\/wp\/v2\/pages\/1352","targetHints":{"allow":["GET"]}}],"collection":[{"href":"https:\/\/inks.nanografi.com\/tr\/wp-json\/wp\/v2\/pages"}],"about":[{"href":"https:\/\/inks.nanografi.com\/tr\/wp-json\/wp\/v2\/types\/page"}],"author":[{"embeddable":true,"href":"https:\/\/inks.nanografi.com\/tr\/wp-json\/wp\/v2\/users\/1"}],"replies":[{"embeddable":true,"href":"https:\/\/inks.nanografi.com\/tr\/wp-json\/wp\/v2\/comments?post=1352"}],"version-history":[{"count":2,"href":"https:\/\/inks.nanografi.com\/tr\/wp-json\/wp\/v2\/pages\/1352\/revisions"}],"predecessor-version":[{"id":1354,"href":"https:\/\/inks.nanografi.com\/tr\/wp-json\/wp\/v2\/pages\/1352\/revisions\/1354"}],"wp:attachment":[{"href":"https:\/\/inks.nanografi.com\/tr\/wp-json\/wp\/v2\/media?parent=1352"}],"curies":[{"name":"wp","href":"https:\/\/api.w.org\/{rel}","templated":true}]}}